{"id":24,"date":"2024-12-12T17:09:14","date_gmt":"2024-12-12T16:09:14","guid":{"rendered":"https:\/\/todoclimarenovables.es\/?page_id=24"},"modified":"2024-12-12T17:09:14","modified_gmt":"2024-12-12T16:09:14","slug":"energia-solar-ahorrar-y-vivir-de-manera-mas-eficiente","status":"publish","type":"page","link":"https:\/\/todoclimarenovables.es\/en\/energia-solar-ahorrar-y-vivir-de-manera-mas-eficiente\/","title":{"rendered":"Solar energy"},"content":{"rendered":"<div data-elementor-type=\"wp-page\" data-elementor-id=\"24\" class=\"elementor elementor-24\" data-elementor-post-type=\"page\">\n\t\t\t\t<div class=\"elementor-element elementor-element-7e2afdf e-flex e-con-boxed e-con e-parent\" data-id=\"7e2afdf\" data-element_type=\"container\" data-e-type=\"container\" data-settings=\"{&quot;background_background&quot;:&quot;classic&quot;,&quot;shape_divider_bottom&quot;:&quot;opacity-fan&quot;}\">\n\t\t\t\t\t<div class=\"e-con-inner\">\n\t\t\t\t<div class=\"elementor-shape elementor-shape-bottom\" aria-hidden=\"true\" data-negative=\"false\">\n\t\t\t<svg xmlns=\"http:\/\/www.w3.org\/2000\/svg\" viewbox=\"0 0 283.5 19.6\" preserveaspectratio=\"none\">\n\t<path class=\"elementor-shape-fill\" style=\"opacity:0.33\" d=\"M0 0L0 18.8 141.8 4.1 283.5 18.8 283.5 0z\"\/>\n\t<path class=\"elementor-shape-fill\" style=\"opacity:0.33\" d=\"M0 0L0 12.6 141.8 4 283.5 12.6 283.5 0z\"\/>\n\t<path class=\"elementor-shape-fill\" style=\"opacity:0.33\" d=\"M0 0L0 6.4 141.8 4 283.5 6.4 283.5 0z\"\/>\n\t<path class=\"elementor-shape-fill\" d=\"M0 0L0 1.2 141.8 4 283.5 1.2 283.5 0z\"\/>\n<\/svg>\t\t<\/div>\n\t\t\t\t<div class=\"elementor-element elementor-element-e8df743 elementor-widget__width-initial elementor-invisible elementor-widget elementor-widget-heading\" data-id=\"e8df743\" data-element_type=\"widget\" data-e-type=\"widget\" data-settings=\"{&quot;_animation&quot;:&quot;fadeInUp&quot;,&quot;_animation_delay&quot;:0}\" data-widget_type=\"heading.default\">\n\t\t\t\t<div class=\"elementor-widget-container\">\n\t\t\t\t\t<h1 class=\"elementor-heading-title elementor-size-default\">Aprovecha la energ\u00eda del sol para ahorrar y vivir de manera m\u00e1s eficiente<\/h1>\t\t\t\t<\/div>\n\t\t\t\t<\/div>\n\t\t\t\t<div class=\"elementor-element elementor-element-5b41299 elementor-align-justify elementor-widget__width-initial elementor-invisible elementor-widget elementor-widget-button\" data-id=\"5b41299\" data-element_type=\"widget\" data-e-type=\"widget\" data-settings=\"{&quot;_animation&quot;:&quot;fadeInUp&quot;,&quot;_animation_delay&quot;:100}\" data-widget_type=\"button.default\">\n\t\t\t\t<div class=\"elementor-widget-container\">\n\t\t\t\t\t\t\t\t\t<div class=\"elementor-button-wrapper\">\n\t\t\t\t\t<a class=\"elementor-button elementor-size-sm\" role=\"button\">\n\t\t\t\t\t\t<span class=\"elementor-button-content-wrapper\">\n\t\t\t\t\t\t\t\t\t<span class=\"elementor-button-text\">Contact us<\/span>\n\t\t\t\t\t<\/span>\n\t\t\t\t\t<\/a>\n\t\t\t\t<\/div>\n\t\t\t\t\t\t\t\t<\/div>\n\t\t\t\t<\/div>\n\t\t\t\t\t<\/div>\n\t\t\t\t<\/div>\n\t\t<div class=\"elementor-element elementor-element-6f99d4f e-flex e-con-boxed e-con e-parent\" data-id=\"6f99d4f\" data-element_type=\"container\" data-e-type=\"container\">\n\t\t\t\t\t<div class=\"e-con-inner\">\n\t\t\t\t<div class=\"elementor-element elementor-element-a236930 elementor-position-left elementor-vertical-align-middle elementor-widget__width-initial elementor-invisible elementor-widget elementor-widget-image-box\" data-id=\"a236930\" data-element_type=\"widget\" data-e-type=\"widget\" data-settings=\"{&quot;_animation&quot;:&quot;fadeInUp&quot;}\" data-widget_type=\"image-box.default\">\n\t\t\t\t<div class=\"elementor-widget-container\">\n\t\t\t\t\t<div class=\"elementor-image-box-wrapper\"><figure class=\"elementor-image-box-img\"><img decoding=\"async\" width=\"127\" height=\"143\" src=\"https:\/\/todoclimarenovables.es\/wp-content\/uploads\/2024\/12\/energia-solar.png\" class=\"attachment-full size-full wp-image-164\" alt=\"\" \/><\/figure><div class=\"elementor-image-box-content\"><h3 class=\"elementor-image-box-title\">Solutions of<br>Solar energy<\/h3><\/div><\/div>\t\t\t\t<\/div>\n\t\t\t\t<\/div>\n\t\t\t\t\t<\/div>\n\t\t\t\t<\/div>\n\t\t<div class=\"elementor-element elementor-element-4e9c52d e-flex e-con-boxed e-con e-parent\" data-id=\"4e9c52d\" data-element_type=\"container\" data-e-type=\"container\">\n\t\t\t\t\t<div class=\"e-con-inner\">\n\t\t<div class=\"elementor-element elementor-element-f5aa2d5 e-con-full e-flex elementor-invisible e-con e-child\" data-id=\"f5aa2d5\" data-element_type=\"container\" data-e-type=\"container\" data-settings=\"{&quot;animation&quot;:&quot;slideInLeft&quot;}\">\n\t\t\t\t<div class=\"elementor-element elementor-element-909a9e5 elementor-widget elementor-widget-heading\" data-id=\"909a9e5\" data-element_type=\"widget\" data-e-type=\"widget\" data-widget_type=\"heading.default\">\n\t\t\t\t<div class=\"elementor-widget-container\">\n\t\t\t\t\t<h3 class=\"elementor-heading-title elementor-size-default\">Instalaci\u00f3n de paneles solares<\/h3>\t\t\t\t<\/div>\n\t\t\t\t<\/div>\n\t\t\t\t<div class=\"elementor-element elementor-element-e9760f1 elementor-widget-divider--view-line elementor-widget elementor-widget-divider\" data-id=\"e9760f1\" data-element_type=\"widget\" data-e-type=\"widget\" data-widget_type=\"divider.default\">\n\t\t\t\t<div class=\"elementor-widget-container\">\n\t\t\t\t\t\t\t<div class=\"elementor-divider\">\n\t\t\t<span class=\"elementor-divider-separator\">\n\t\t\t\t\t\t<\/span>\n\t\t<\/div>\n\t\t\t\t\t\t<\/div>\n\t\t\t\t<\/div>\n\t\t\t\t<div class=\"elementor-element elementor-element-5fe8fe4 elementor-widget elementor-widget-text-editor\" data-id=\"5fe8fe4\" data-element_type=\"widget\" data-e-type=\"widget\" data-widget_type=\"text-editor.default\">\n\t\t\t\t<div class=\"elementor-widget-container\">\n\t\t\t\t\t\t\t\t\t<hr \/><p>En Todoclima, somos expertos en la instalaci\u00f3n de paneles solares en Palencia y alrededores, ayudando a nuestros clientes a convertir la luz solar en energ\u00eda limpia y eficiente para sus hogares o negocios. Nuestra experiencia en la instalaci\u00f3n de placas solares nos permite garantizar sistemas que optimizan la captaci\u00f3n de energ\u00eda solar desde el primer d\u00eda, lo que se traduce en un ahorro inmediato en las facturas energ\u00e9ticas.eficiente y respetuoso con el medio ambiente.<\/p><p>La instalaci\u00f3n de placas solares en Palencia es una opci\u00f3n rentable y sostenible. Gracias a las condiciones de irradiaci\u00f3n solar de la zona, es posible reducir la dependencia de la red el\u00e9ctrica convencional y, al mismo tiempo, generar electricidad limpia que contribuye a reducir la huella de carbono.<\/p>\t\t\t\t\t\t\t\t<\/div>\n\t\t\t\t<\/div>\n\t\t\t\t<\/div>\n\t\t<div class=\"elementor-element elementor-element-b83cd30 e-con-full e-flex elementor-invisible e-con e-child\" data-id=\"b83cd30\" data-element_type=\"container\" data-e-type=\"container\" data-settings=\"{&quot;animation&quot;:&quot;slideInRight&quot;}\">\n\t\t\t\t<div class=\"elementor-element elementor-element-366d87d elementor-widget elementor-widget-image\" data-id=\"366d87d\" data-element_type=\"widget\" data-e-type=\"widget\" data-widget_type=\"image.default\">\n\t\t\t\t<div class=\"elementor-widget-container\">\n\t\t\t\t\t\t\t\t\t\t\t\t\t\t\t<img fetchpriority=\"high\" decoding=\"async\" width=\"527\" height=\"474\" src=\"https:\/\/todoclimarenovables.es\/wp-content\/uploads\/2025\/01\/4015090983.png\" class=\"attachment-large size-large wp-image-240\" alt=\"\" srcset=\"https:\/\/todoclimarenovables.es\/wp-content\/uploads\/2025\/01\/4015090983.png 527w, https:\/\/todoclimarenovables.es\/wp-content\/uploads\/2025\/01\/4015090983-300x270.png 300w\" sizes=\"(max-width: 527px) 100vw, 527px\" \/>\t\t\t\t\t\t\t\t\t\t\t\t\t\t\t<\/div>\n\t\t\t\t<\/div>\n\t\t\t\t<\/div>\n\t\t\t\t\t<\/div>\n\t\t\t\t<\/div>\n\t\t<div class=\"elementor-element elementor-element-2eb099e e-flex e-con-boxed e-con e-parent\" data-id=\"2eb099e\" data-element_type=\"container\" data-e-type=\"container\">\n\t\t\t\t\t<div class=\"e-con-inner\">\n\t\t<div class=\"elementor-element elementor-element-0430e88 e-con-full e-flex elementor-invisible e-con e-child\" data-id=\"0430e88\" data-element_type=\"container\" data-e-type=\"container\" data-settings=\"{&quot;animation&quot;:&quot;slideInRight&quot;}\">\n\t\t\t\t<div class=\"elementor-element elementor-element-b25bedf elementor-widget elementor-widget-image\" data-id=\"b25bedf\" data-element_type=\"widget\" data-e-type=\"widget\" data-widget_type=\"image.default\">\n\t\t\t\t<div class=\"elementor-widget-container\">\n\t\t\t\t\t\t\t\t\t\t\t\t\t\t\t<img decoding=\"async\" width=\"349\" height=\"321\" src=\"https:\/\/todoclimarenovables.es\/wp-content\/uploads\/2025\/01\/img4.png\" class=\"attachment-large size-large wp-image-241\" alt=\"\" srcset=\"https:\/\/todoclimarenovables.es\/wp-content\/uploads\/2025\/01\/img4.png 349w, https:\/\/todoclimarenovables.es\/wp-content\/uploads\/2025\/01\/img4-300x276.png 300w\" sizes=\"(max-width: 349px) 100vw, 349px\" \/>\t\t\t\t\t\t\t\t\t\t\t\t\t\t\t<\/div>\n\t\t\t\t<\/div>\n\t\t\t\t<\/div>\n\t\t<div class=\"elementor-element elementor-element-61e1d1b e-con-full e-flex elementor-invisible e-con e-child\" data-id=\"61e1d1b\" data-element_type=\"container\" data-e-type=\"container\" data-settings=\"{&quot;animation&quot;:&quot;slideInLeft&quot;}\">\n\t\t\t\t<div class=\"elementor-element elementor-element-7765067 elementor-widget elementor-widget-heading\" data-id=\"7765067\" data-element_type=\"widget\" data-e-type=\"widget\" data-widget_type=\"heading.default\">\n\t\t\t\t<div class=\"elementor-widget-container\">\n\t\t\t\t\t<h3 class=\"elementor-heading-title elementor-size-default\">Ahorro energ\u00e9tico y eficiencia<\/h3>\t\t\t\t<\/div>\n\t\t\t\t<\/div>\n\t\t\t\t<div class=\"elementor-element elementor-element-7847b2d elementor-widget-divider--view-line elementor-widget elementor-widget-divider\" data-id=\"7847b2d\" data-element_type=\"widget\" data-e-type=\"widget\" data-widget_type=\"divider.default\">\n\t\t\t\t<div class=\"elementor-widget-container\">\n\t\t\t\t\t\t\t<div class=\"elementor-divider\">\n\t\t\t<span class=\"elementor-divider-separator\">\n\t\t\t\t\t\t<\/span>\n\t\t<\/div>\n\t\t\t\t\t\t<\/div>\n\t\t\t\t<\/div>\n\t\t\t\t<div class=\"elementor-element elementor-element-0e924a0 elementor-widget__width-initial elementor-widget elementor-widget-text-editor\" data-id=\"0e924a0\" data-element_type=\"widget\" data-e-type=\"widget\" data-widget_type=\"text-editor.default\">\n\t\t\t\t<div class=\"elementor-widget-container\">\n\t\t\t\t\t\t\t\t\t<p>Con la instalaci\u00f3n de paneles solares en tu vivienda o negocio, puedes ahorrar hasta un 50% en tus facturas de electricidad, lo que convierte esta soluci\u00f3n en una inversi\u00f3n rentable a medio y largo plazo. Adem\u00e1s, los paneles solares que instalamos en Todoclima est\u00e1n dise\u00f1ados para ofrecer un rendimiento eficiente, incluso en d\u00edas nublados, lo que garantiza un suministro constante de energ\u00eda.<\/p>\t\t\t\t\t\t\t\t<\/div>\n\t\t\t\t<\/div>\n\t\t\t\t<\/div>\n\t\t\t\t\t<\/div>\n\t\t\t\t<\/div>\n\t\t<div class=\"elementor-element elementor-element-361fde0 e-flex e-con-boxed e-con e-parent\" data-id=\"361fde0\" data-element_type=\"container\" data-e-type=\"container\" data-settings=\"{&quot;background_background&quot;:&quot;classic&quot;}\">\n\t\t\t\t\t<div class=\"e-con-inner\">\n\t\t<div class=\"elementor-element elementor-element-1ff9698 e-con-full elementor-hidden-mobile e-flex e-con e-child\" data-id=\"1ff9698\" data-element_type=\"container\" data-e-type=\"container\">\n\t\t\t\t<\/div>\n\t\t<div class=\"elementor-element elementor-element-97911d7 e-con-full e-flex e-con e-child\" data-id=\"97911d7\" data-element_type=\"container\" data-e-type=\"container\">\n\t\t\t\t<div class=\"elementor-element elementor-element-6dd7cbc elementor-widget__width-auto elementor-widget elementor-widget-heading\" data-id=\"6dd7cbc\" data-element_type=\"widget\" data-e-type=\"widget\" data-widget_type=\"heading.default\">\n\t\t\t\t<div class=\"elementor-widget-container\">\n\t\t\t\t\t<h2 class=\"elementor-heading-title elementor-size-default\">Por qu\u00e9 es rentable instalar paneles solares en Palencia<\/h2>\t\t\t\t<\/div>\n\t\t\t\t<\/div>\n\t\t\t\t<div class=\"elementor-element elementor-element-e260743 elementor-widget elementor-widget-text-editor\" data-id=\"e260743\" data-element_type=\"widget\" data-e-type=\"widget\" data-widget_type=\"text-editor.default\">\n\t\t\t\t<div class=\"elementor-widget-container\">\n\t\t\t\t\t\t\t\t\t<p>El montaje de placas solares en Palencia no solo es una opci\u00f3n viable por las condiciones clim\u00e1ticas, sino que tambi\u00e9n representa una de las soluciones m\u00e1s rentables para reducir los costos energ\u00e9ticos. En Todoclima, nos aseguramos de que cada sistema est\u00e9 optimizado para sacar el m\u00e1ximo partido a la luz solar disponible, ayudando a nuestros clientes a obtener un retorno de inversi\u00f3n significativo.<\/p>\t\t\t\t\t\t\t\t<\/div>\n\t\t\t\t<\/div>\n\t\t\t\t<\/div>\n\t\t\t\t\t<\/div>\n\t\t\t\t<\/div>\n\t\t<div class=\"elementor-element elementor-element-3cb2d7f e-flex e-con-boxed e-con e-parent\" data-id=\"3cb2d7f\" data-element_type=\"container\" data-e-type=\"container\">\n\t\t\t\t\t<div class=\"e-con-inner\">\n\t\t<div class=\"elementor-element elementor-element-6c7927f e-con-full e-flex elementor-invisible e-con e-child\" data-id=\"6c7927f\" data-element_type=\"container\" data-e-type=\"container\" data-settings=\"{&quot;animation&quot;:&quot;slideInLeft&quot;}\">\n\t\t\t\t<div class=\"elementor-element elementor-element-636cc46 elementor-widget elementor-widget-heading\" data-id=\"636cc46\" data-element_type=\"widget\" data-e-type=\"widget\" data-widget_type=\"heading.default\">\n\t\t\t\t<div class=\"elementor-widget-container\">\n\t\t\t\t\t<h3 class=\"elementor-heading-title elementor-size-default\">Expertos en instalaci\u00f3n de placas solares<\/h3>\t\t\t\t<\/div>\n\t\t\t\t<\/div>\n\t\t\t\t<div class=\"elementor-element elementor-element-c2c7199 elementor-widget-divider--view-line elementor-widget elementor-widget-divider\" data-id=\"c2c7199\" data-element_type=\"widget\" data-e-type=\"widget\" data-widget_type=\"divider.default\">\n\t\t\t\t<div class=\"elementor-widget-container\">\n\t\t\t\t\t\t\t<div class=\"elementor-divider\">\n\t\t\t<span class=\"elementor-divider-separator\">\n\t\t\t\t\t\t<\/span>\n\t\t<\/div>\n\t\t\t\t\t\t<\/div>\n\t\t\t\t<\/div>\n\t\t\t\t<div class=\"elementor-element elementor-element-4504c9c elementor-widget__width-initial elementor-widget elementor-widget-text-editor\" data-id=\"4504c9c\" data-element_type=\"widget\" data-e-type=\"widget\" data-widget_type=\"text-editor.default\">\n\t\t\t\t<div class=\"elementor-widget-container\">\n\t\t\t\t\t\t\t\t\t<p>En Todoclima, contamos con un equipo especializado en el montaje de placas solares en Palencia, con a\u00f1os de experiencia en la implementaci\u00f3n de soluciones energ\u00e9ticas sostenibles. Desde el asesoramiento inicial hasta la instalaci\u00f3n y el mantenimiento, te acompa\u00f1amos en cada paso para que puedas disfrutar de un sistema de energ\u00eda solar que no solo ahorre dinero, sino que tambi\u00e9n contribuya a un futuro m\u00e1s verde.<\/p>\t\t\t\t\t\t\t\t<\/div>\n\t\t\t\t<\/div>\n\t\t\t\t<\/div>\n\t\t<div class=\"elementor-element elementor-element-a863df9 e-con-full e-flex elementor-invisible e-con e-child\" data-id=\"a863df9\" data-element_type=\"container\" data-e-type=\"container\" data-settings=\"{&quot;animation&quot;:&quot;slideInRight&quot;}\">\n\t\t\t\t<div class=\"elementor-element elementor-element-89752c0 elementor-widget elementor-widget-image\" data-id=\"89752c0\" data-element_type=\"widget\" data-e-type=\"widget\" data-widget_type=\"image.default\">\n\t\t\t\t<div class=\"elementor-widget-container\">\n\t\t\t\t\t\t\t\t\t\t\t\t\t\t\t<img loading=\"lazy\" decoding=\"async\" width=\"760\" height=\"520\" src=\"https:\/\/todoclimarenovables.es\/wp-content\/uploads\/2025\/01\/solar-installation.jpg\" class=\"attachment-large size-large wp-image-243\" alt=\"\" srcset=\"https:\/\/todoclimarenovables.es\/wp-content\/uploads\/2025\/01\/solar-installation.jpg 760w, https:\/\/todoclimarenovables.es\/wp-content\/uploads\/2025\/01\/solar-installation-300x205.jpg 300w\" sizes=\"(max-width: 760px) 100vw, 760px\" \/>\t\t\t\t\t\t\t\t\t\t\t\t\t\t\t<\/div>\n\t\t\t\t<\/div>\n\t\t\t\t<\/div>\n\t\t\t\t\t<\/div>\n\t\t\t\t<\/div>\n\t\t<div class=\"elementor-element elementor-element-10b4888 e-flex e-con-boxed e-con e-parent\" data-id=\"10b4888\" data-element_type=\"container\" data-e-type=\"container\">\n\t\t\t\t\t<div class=\"e-con-inner\">\n\t\t\t\t<div class=\"elementor-element elementor-element-3a3b2c2 elementor-widget elementor-widget-heading\" data-id=\"3a3b2c2\" data-element_type=\"widget\" data-e-type=\"widget\" data-widget_type=\"heading.default\">\n\t\t\t\t<div class=\"elementor-widget-container\">\n\t\t\t\t\t<h2 class=\"elementor-heading-title elementor-size-default\">Beneficios de elegir Todoclima<\/h2>\t\t\t\t<\/div>\n\t\t\t\t<\/div>\n\t\t\t\t<div class=\"elementor-element elementor-element-8bf9cf4 elementor-widget-divider--view-line elementor-widget elementor-widget-divider\" data-id=\"8bf9cf4\" data-element_type=\"widget\" data-e-type=\"widget\" data-widget_type=\"divider.default\">\n\t\t\t\t<div class=\"elementor-widget-container\">\n\t\t\t\t\t\t\t<div class=\"elementor-divider\">\n\t\t\t<span class=\"elementor-divider-separator\">\n\t\t\t\t\t\t<\/span>\n\t\t<\/div>\n\t\t\t\t\t\t<\/div>\n\t\t\t\t<\/div>\n\t\t<div class=\"elementor-element elementor-element-8b9d227 e-con-full e-flex e-con e-child\" data-id=\"8b9d227\" data-element_type=\"container\" data-e-type=\"container\">\n\t\t<div class=\"elementor-element elementor-element-d71da7a e-con-full e-flex elementor-invisible e-con e-child\" data-id=\"d71da7a\" data-element_type=\"container\" data-e-type=\"container\" data-settings=\"{&quot;animation&quot;:&quot;fadeInLeft&quot;}\">\n\t\t\t\t<div class=\"elementor-element elementor-element-a6ad67f elementor-widget elementor-widget-heading\" data-id=\"a6ad67f\" data-element_type=\"widget\" data-e-type=\"widget\" data-widget_type=\"heading.default\">\n\t\t\t\t<div class=\"elementor-widget-container\">\n\t\t\t\t\t<h3 class=\"elementor-heading-title elementor-size-default\">Eficiencia energ\u00e9tica<\/h3>\t\t\t\t<\/div>\n\t\t\t\t<\/div>\n\t\t<div class=\"elementor-element elementor-element-5d50785 e-con-full e-flex e-con e-child\" data-id=\"5d50785\" data-element_type=\"container\" data-e-type=\"container\" data-settings=\"{&quot;background_background&quot;:&quot;classic&quot;}\">\n\t\t\t\t<div class=\"elementor-element elementor-element-8737f0f elementor-widget elementor-widget-text-editor\" data-id=\"8737f0f\" data-element_type=\"widget\" data-e-type=\"widget\" data-widget_type=\"text-editor.default\">\n\t\t\t\t<div class=\"elementor-widget-container\">\n\t\t\t\t\t\t\t\t\t<p>Nuestras soluciones fotovoltaicas maximizan el aprovechamiento de la energ\u00eda solar, reduciendo la dependencia de la red el\u00e9ctrica.<\/p>\t\t\t\t\t\t\t\t<\/div>\n\t\t\t\t<\/div>\n\t\t\t\t<\/div>\n\t\t\t\t<\/div>\n\t\t<div class=\"elementor-element elementor-element-6601e57 e-con-full e-flex elementor-invisible e-con e-child\" data-id=\"6601e57\" data-element_type=\"container\" data-e-type=\"container\" data-settings=\"{&quot;animation&quot;:&quot;fadeInRight&quot;}\">\n\t\t\t\t<div class=\"elementor-element elementor-element-71920b2 elementor-widget elementor-widget-heading\" data-id=\"71920b2\" data-element_type=\"widget\" data-e-type=\"widget\" data-widget_type=\"heading.default\">\n\t\t\t\t<div class=\"elementor-widget-container\">\n\t\t\t\t\t<h3 class=\"elementor-heading-title elementor-size-default\">Sostenibilidad<\/h3>\t\t\t\t<\/div>\n\t\t\t\t<\/div>\n\t\t<div class=\"elementor-element elementor-element-95df290 e-con-full e-flex e-con e-child\" data-id=\"95df290\" data-element_type=\"container\" data-e-type=\"container\" data-settings=\"{&quot;background_background&quot;:&quot;classic&quot;}\">\n\t\t\t\t<div class=\"elementor-element elementor-element-f3c41e2 elementor-widget elementor-widget-text-editor\" data-id=\"f3c41e2\" data-element_type=\"widget\" data-e-type=\"widget\" data-widget_type=\"text-editor.default\">\n\t\t\t\t<div class=\"elementor-widget-container\">\n\t\t\t\t\t\t\t\t\t<p>Genera tu propia energ\u00eda limpia y renovable, contribuyendo a la reducci\u00f3n de emisiones contaminantes.<\/p>\t\t\t\t\t\t\t\t<\/div>\n\t\t\t\t<\/div>\n\t\t\t\t<\/div>\n\t\t\t\t<\/div>\n\t\t<div class=\"elementor-element elementor-element-965c43e e-con-full e-flex elementor-invisible e-con e-child\" data-id=\"965c43e\" data-element_type=\"container\" data-e-type=\"container\" data-settings=\"{&quot;animation&quot;:&quot;fadeInLeft&quot;}\">\n\t\t\t\t<div class=\"elementor-element elementor-element-f6a9a72 elementor-widget elementor-widget-heading\" data-id=\"f6a9a72\" data-element_type=\"widget\" data-e-type=\"widget\" data-widget_type=\"heading.default\">\n\t\t\t\t<div class=\"elementor-widget-container\">\n\t\t\t\t\t<h3 class=\"elementor-heading-title elementor-size-default\">Asesor\u00eda personalizada<\/h3>\t\t\t\t<\/div>\n\t\t\t\t<\/div>\n\t\t<div class=\"elementor-element elementor-element-bf345f2 e-con-full e-flex e-con e-child\" data-id=\"bf345f2\" data-element_type=\"container\" data-e-type=\"container\" data-settings=\"{&quot;background_background&quot;:&quot;classic&quot;}\">\n\t\t\t\t<div class=\"elementor-element elementor-element-e6da4ba elementor-widget elementor-widget-text-editor\" data-id=\"e6da4ba\" data-element_type=\"widget\" data-e-type=\"widget\" data-widget_type=\"text-editor.default\">\n\t\t\t\t<div class=\"elementor-widget-container\">\n\t\t\t\t\t\t\t\t\t<p>Analizamos tu consumo y espacio disponible para dise\u00f1ar un sistema solar a la medida de tus necesidades.<\/p>\t\t\t\t\t\t\t\t<\/div>\n\t\t\t\t<\/div>\n\t\t\t\t<\/div>\n\t\t\t\t<\/div>\n\t\t<div class=\"elementor-element elementor-element-4589303 e-con-full e-flex elementor-invisible e-con e-child\" data-id=\"4589303\" data-element_type=\"container\" data-e-type=\"container\" data-settings=\"{&quot;animation&quot;:&quot;fadeInRight&quot;}\">\n\t\t\t\t<div class=\"elementor-element elementor-element-a79bf40 elementor-widget elementor-widget-heading\" data-id=\"a79bf40\" data-element_type=\"widget\" data-e-type=\"widget\" data-widget_type=\"heading.default\">\n\t\t\t\t<div class=\"elementor-widget-container\">\n\t\t\t\t\t<h3 class=\"elementor-heading-title elementor-size-default\">Instalaci\u00f3n profesional<\/h3>\t\t\t\t<\/div>\n\t\t\t\t<\/div>\n\t\t<div class=\"elementor-element elementor-element-3ecf19b e-con-full e-flex e-con e-child\" data-id=\"3ecf19b\" data-element_type=\"container\" data-e-type=\"container\" data-settings=\"{&quot;background_background&quot;:&quot;classic&quot;}\">\n\t\t\t\t<div class=\"elementor-element elementor-element-7629f5d elementor-widget elementor-widget-text-editor\" data-id=\"7629f5d\" data-element_type=\"widget\" data-e-type=\"widget\" data-widget_type=\"text-editor.default\">\n\t\t\t\t<div class=\"elementor-widget-container\">\n\t\t\t\t\t\t\t\t\t<p>Nos encargamos de todo el proceso de instalaci\u00f3n para garantizar el m\u00e1ximo rendimiento de tu sistema solar.<\/p>\t\t\t\t\t\t\t\t<\/div>\n\t\t\t\t<\/div>\n\t\t\t\t<\/div>\n\t\t\t\t<\/div>\n\t\t\t\t<\/div>\n\t\t\t\t\t<\/div>\n\t\t\t\t<\/div>\n\t\t\t\t<\/div>","protected":false},"excerpt":{"rendered":"<p>Aprovecha la energ\u00eda del sol para ahorrar y vivir de manera m\u00e1s eficiente Cont\u00e1ctanos Soluciones deEnerg\u00eda solar Instalaci\u00f3n de paneles solares En Todoclima, somos expertos en la instalaci\u00f3n de paneles solares en Palencia y alrededores, ayudando a nuestros clientes a convertir la luz solar en energ\u00eda limpia y eficiente para sus hogares o negocios. Nuestra [&hellip;]<\/p>\n","protected":false},"author":1,"featured_media":0,"parent":0,"menu_order":0,"comment_status":"closed","ping_status":"closed","template":"","meta":{"footnotes":""},"class_list":["post-24","page","type-page","status-publish","hentry"],"_links":{"self":[{"href":"https:\/\/todoclimarenovables.es\/en\/wp-json\/wp\/v2\/pages\/24","targetHints":{"allow":["GET"]}}],"collection":[{"href":"https:\/\/todoclimarenovables.es\/en\/wp-json\/wp\/v2\/pages"}],"about":[{"href":"https:\/\/todoclimarenovables.es\/en\/wp-json\/wp\/v2\/types\/page"}],"author":[{"embeddable":true,"href":"https:\/\/todoclimarenovables.es\/en\/wp-json\/wp\/v2\/users\/1"}],"replies":[{"embeddable":true,"href":"https:\/\/todoclimarenovables.es\/en\/wp-json\/wp\/v2\/comments?post=24"}],"version-history":[{"count":0,"href":"https:\/\/todoclimarenovables.es\/en\/wp-json\/wp\/v2\/pages\/24\/revisions"}],"wp:attachment":[{"href":"https:\/\/todoclimarenovables.es\/en\/wp-json\/wp\/v2\/media?parent=24"}],"curies":[{"name":"wp","href":"https:\/\/api.w.org\/{rel}","templated":true}]}}