{"id":6754,"date":"2025-04-24T17:47:11","date_gmt":"2025-04-24T15:47:11","guid":{"rendered":"https:\/\/todoclimarenovables.es\/piscinas\/"},"modified":"2025-04-24T17:47:56","modified_gmt":"2025-04-24T15:47:56","slug":"piscinas","status":"publish","type":"page","link":"https:\/\/todoclimarenovables.es\/en\/piscinas\/","title":{"rendered":"Swimming pools"},"content":{"rendered":"<div data-elementor-type=\"wp-page\" data-elementor-id=\"6754\" class=\"elementor elementor-6754\" data-elementor-post-type=\"page\">\n\t\t\t\t<div class=\"elementor-element elementor-element-21ad856a e-flex e-con-boxed e-con e-parent\" data-id=\"21ad856a\" data-element_type=\"container\" data-e-type=\"container\" data-settings=\"{&quot;background_background&quot;:&quot;classic&quot;,&quot;shape_divider_bottom&quot;:&quot;opacity-fan&quot;}\">\n\t\t\t\t\t<div class=\"e-con-inner\">\n\t\t\t\t<div class=\"elementor-shape elementor-shape-bottom\" aria-hidden=\"true\" data-negative=\"false\">\n\t\t\t<svg xmlns=\"http:\/\/www.w3.org\/2000\/svg\" viewbox=\"0 0 283.5 19.6\" preserveaspectratio=\"none\">\n\t<path class=\"elementor-shape-fill\" style=\"opacity:0.33\" d=\"M0 0L0 18.8 141.8 4.1 283.5 18.8 283.5 0z\"\/>\n\t<path class=\"elementor-shape-fill\" style=\"opacity:0.33\" d=\"M0 0L0 12.6 141.8 4 283.5 12.6 283.5 0z\"\/>\n\t<path class=\"elementor-shape-fill\" style=\"opacity:0.33\" d=\"M0 0L0 6.4 141.8 4 283.5 6.4 283.5 0z\"\/>\n\t<path class=\"elementor-shape-fill\" d=\"M0 0L0 1.2 141.8 4 283.5 1.2 283.5 0z\"\/>\n<\/svg>\t\t<\/div>\n\t\t\t\t<div class=\"elementor-element elementor-element-352084f6 elementor-widget__width-initial elementor-invisible elementor-widget elementor-widget-heading\" data-id=\"352084f6\" data-element_type=\"widget\" data-e-type=\"widget\" data-settings=\"{&quot;_animation&quot;:&quot;fadeInUp&quot;,&quot;_animation_delay&quot;:0}\" data-widget_type=\"heading.default\">\n\t\t\t\t<div class=\"elementor-widget-container\">\n\t\t\t\t\t<h1 class=\"elementor-heading-title elementor-size-default\">Piscinas de dise\u00f1o y eficientes para disfrutar todo el a\u00f1o<\/h1>\t\t\t\t<\/div>\n\t\t\t\t<\/div>\n\t\t\t\t<div class=\"elementor-element elementor-element-90f57a6 elementor-align-justify elementor-widget__width-initial elementor-invisible elementor-widget elementor-widget-button\" data-id=\"90f57a6\" data-element_type=\"widget\" data-e-type=\"widget\" data-settings=\"{&quot;_animation&quot;:&quot;fadeInUp&quot;,&quot;_animation_delay&quot;:100}\" data-widget_type=\"button.default\">\n\t\t\t\t<div class=\"elementor-widget-container\">\n\t\t\t\t\t\t\t\t\t<div class=\"elementor-button-wrapper\">\n\t\t\t\t\t<a class=\"elementor-button elementor-button-link elementor-size-sm\" href=\"https:\/\/todoclimarenovables.es\/en\/contacto\/\">\n\t\t\t\t\t\t<span class=\"elementor-button-content-wrapper\">\n\t\t\t\t\t\t\t\t\t<span class=\"elementor-button-text\">Contact us<\/span>\n\t\t\t\t\t<\/span>\n\t\t\t\t\t<\/a>\n\t\t\t\t<\/div>\n\t\t\t\t\t\t\t\t<\/div>\n\t\t\t\t<\/div>\n\t\t\t\t\t<\/div>\n\t\t\t\t<\/div>\n\t\t<div class=\"elementor-element elementor-element-180fc6c5 e-flex e-con-boxed e-con e-parent\" data-id=\"180fc6c5\" data-element_type=\"container\" data-e-type=\"container\">\n\t\t\t\t\t<div class=\"e-con-inner\">\n\t\t\t\t<div class=\"elementor-element elementor-element-304c2d04 elementor-position-left elementor-vertical-align-middle elementor-widget__width-initial elementor-invisible elementor-widget elementor-widget-image-box\" data-id=\"304c2d04\" data-element_type=\"widget\" data-e-type=\"widget\" data-settings=\"{&quot;_animation&quot;:&quot;fadeInUp&quot;}\" data-widget_type=\"image-box.default\">\n\t\t\t\t<div class=\"elementor-widget-container\">\n\t\t\t\t\t<div class=\"elementor-image-box-wrapper\"><figure class=\"elementor-image-box-img\"><img decoding=\"async\" width=\"152\" height=\"100\" src=\"https:\/\/todoclimarenovables.es\/wp-content\/uploads\/2025\/04\/piscinas.png\" class=\"attachment-full size-full wp-image-6755\" alt=\"\" srcset=\"https:\/\/todoclimarenovables.es\/wp-content\/uploads\/2025\/04\/piscinas.png 152w, https:\/\/todoclimarenovables.es\/wp-content\/uploads\/2025\/04\/piscinas-150x100.png 150w, https:\/\/todoclimarenovables.es\/wp-content\/uploads\/2025\/04\/piscinas-18x12.png 18w\" sizes=\"(max-width: 152px) 100vw, 152px\" \/><\/figure><div class=\"elementor-image-box-content\"><h3 class=\"elementor-image-box-title\">Solutions of<br>Swimming pools<\/h3><\/div><\/div>\t\t\t\t<\/div>\n\t\t\t\t<\/div>\n\t\t\t\t\t<\/div>\n\t\t\t\t<\/div>\n\t\t<div class=\"elementor-element elementor-element-363f339e e-flex e-con-boxed e-con e-parent\" data-id=\"363f339e\" data-element_type=\"container\" data-e-type=\"container\">\n\t\t\t\t\t<div class=\"e-con-inner\">\n\t\t<div class=\"elementor-element elementor-element-41bb8664 e-con-full e-flex elementor-invisible e-con e-child\" data-id=\"41bb8664\" data-element_type=\"container\" data-e-type=\"container\" data-settings=\"{&quot;animation&quot;:&quot;slideInLeft&quot;}\">\n\t\t\t\t<div class=\"elementor-element elementor-element-106dac7a elementor-widget elementor-widget-heading\" data-id=\"106dac7a\" data-element_type=\"widget\" data-e-type=\"widget\" data-widget_type=\"heading.default\">\n\t\t\t\t<div class=\"elementor-widget-container\">\n\t\t\t\t\t<h3 class=\"elementor-heading-title elementor-size-default\">Climatizaci\u00f3n de piscinas<\/h3>\t\t\t\t<\/div>\n\t\t\t\t<\/div>\n\t\t\t\t<div class=\"elementor-element elementor-element-644ce3b0 elementor-widget-divider--view-line elementor-widget elementor-widget-divider\" data-id=\"644ce3b0\" data-element_type=\"widget\" data-e-type=\"widget\" data-widget_type=\"divider.default\">\n\t\t\t\t<div class=\"elementor-widget-container\">\n\t\t\t\t\t\t\t<div class=\"elementor-divider\">\n\t\t\t<span class=\"elementor-divider-separator\">\n\t\t\t\t\t\t<\/span>\n\t\t<\/div>\n\t\t\t\t\t\t<\/div>\n\t\t\t\t<\/div>\n\t\t\t\t<div class=\"elementor-element elementor-element-75e8bc7c elementor-widget__width-initial elementor-widget elementor-widget-text-editor\" data-id=\"75e8bc7c\" data-element_type=\"widget\" data-e-type=\"widget\" data-widget_type=\"text-editor.default\">\n\t\t\t\t<div class=\"elementor-widget-container\">\n\t\t\t\t\t\t\t\t\t<p>En Todoclima, dise\u00f1amos y construimos piscinas a medida, adapt\u00e1ndonos a tus necesidades y al revestimiento que elijas: gresite, liner o poli\u00e9ster. Adaptamos la tecnolog\u00eda a tus necesidades, realizando un estudio t\u00e9rmico personalizado para garantizar que la soluci\u00f3n sea la m\u00e1s eficiente para tu piscina. Trabajamos con marcas de primera calidad como ZODIAC, ASTRALPOOL, PENTAIR, HAYWARD Y GARDEN PAC para asegurarte un rendimiento \u00f3ptimo, reduciendo el consumo energ\u00e9tico y permitiendo que disfrutes de tu piscina todo el a\u00f1o.<\/p>\t\t\t\t\t\t\t\t<\/div>\n\t\t\t\t<\/div>\n\t\t\t\t<\/div>\n\t\t<div class=\"elementor-element elementor-element-721ea4bc e-con-full e-flex elementor-invisible e-con e-child\" data-id=\"721ea4bc\" data-element_type=\"container\" data-e-type=\"container\" data-settings=\"{&quot;animation&quot;:&quot;slideInRight&quot;}\">\n\t\t\t\t<div class=\"elementor-element elementor-element-466e0269 elementor-widget elementor-widget-image\" data-id=\"466e0269\" data-element_type=\"widget\" data-e-type=\"widget\" data-widget_type=\"image.default\">\n\t\t\t\t<div class=\"elementor-widget-container\">\n\t\t\t\t\t\t\t\t\t\t\t\t\t\t\t<img fetchpriority=\"high\" decoding=\"async\" width=\"690\" height=\"314\" src=\"https:\/\/todoclimarenovables.es\/wp-content\/uploads\/2025\/04\/img13.png\" class=\"attachment-large size-large wp-image-6757\" alt=\"\" srcset=\"https:\/\/todoclimarenovables.es\/wp-content\/uploads\/2025\/04\/img13.png 690w, https:\/\/todoclimarenovables.es\/wp-content\/uploads\/2025\/04\/img13-300x137.png 300w, https:\/\/todoclimarenovables.es\/wp-content\/uploads\/2025\/04\/img13-18x8.png 18w\" sizes=\"(max-width: 690px) 100vw, 690px\" \/>\t\t\t\t\t\t\t\t\t\t\t\t\t\t\t<\/div>\n\t\t\t\t<\/div>\n\t\t\t\t<\/div>\n\t\t\t\t\t<\/div>\n\t\t\t\t<\/div>\n\t\t<div class=\"elementor-element elementor-element-22a6acdf e-flex e-con-boxed e-con e-parent\" data-id=\"22a6acdf\" data-element_type=\"container\" data-e-type=\"container\">\n\t\t\t\t\t<div class=\"e-con-inner\">\n\t\t<div class=\"elementor-element elementor-element-1965c3b1 e-con-full e-flex elementor-invisible e-con e-child\" data-id=\"1965c3b1\" data-element_type=\"container\" data-e-type=\"container\" data-settings=\"{&quot;animation&quot;:&quot;slideInRight&quot;}\">\n\t\t\t\t<div class=\"elementor-element elementor-element-5ffd720f elementor-widget elementor-widget-image\" data-id=\"5ffd720f\" data-element_type=\"widget\" data-e-type=\"widget\" data-widget_type=\"image.default\">\n\t\t\t\t<div class=\"elementor-widget-container\">\n\t\t\t\t\t\t\t\t\t\t\t\t\t\t\t<img decoding=\"async\" width=\"800\" height=\"600\" src=\"https:\/\/todoclimarenovables.es\/wp-content\/uploads\/2025\/04\/img14-1-2-1024x768.png\" class=\"attachment-large size-large wp-image-6758\" alt=\"\" srcset=\"https:\/\/todoclimarenovables.es\/wp-content\/uploads\/2025\/04\/img14-1-2-1024x768.png 1024w, https:\/\/todoclimarenovables.es\/wp-content\/uploads\/2025\/04\/img14-1-2-300x225.png 300w, https:\/\/todoclimarenovables.es\/wp-content\/uploads\/2025\/04\/img14-1-2-768x576.png 768w, https:\/\/todoclimarenovables.es\/wp-content\/uploads\/2025\/04\/img14-1-2-16x12.png 16w, https:\/\/todoclimarenovables.es\/wp-content\/uploads\/2025\/04\/img14-1-2.png 1280w\" sizes=\"(max-width: 800px) 100vw, 800px\" \/>\t\t\t\t\t\t\t\t\t\t\t\t\t\t\t<\/div>\n\t\t\t\t<\/div>\n\t\t\t\t<\/div>\n\t\t<div class=\"elementor-element elementor-element-12aba93e e-con-full e-flex elementor-invisible e-con e-child\" data-id=\"12aba93e\" data-element_type=\"container\" data-e-type=\"container\" data-settings=\"{&quot;animation&quot;:&quot;slideInLeft&quot;}\">\n\t\t<div class=\"elementor-element elementor-element-402bf560 e-con-full e-flex e-con e-child\" data-id=\"402bf560\" data-element_type=\"container\" data-e-type=\"container\">\n\t\t\t\t<div class=\"elementor-element elementor-element-5a8ea736 elementor-widget elementor-widget-heading\" data-id=\"5a8ea736\" data-element_type=\"widget\" data-e-type=\"widget\" data-widget_type=\"heading.default\">\n\t\t\t\t<div class=\"elementor-widget-container\">\n\t\t\t\t\t<h3 class=\"elementor-heading-title elementor-size-default\">Cubiertas para piscinas<\/h3>\t\t\t\t<\/div>\n\t\t\t\t<\/div>\n\t\t\t\t<div class=\"elementor-element elementor-element-1424ea5c elementor-widget-divider--view-line elementor-widget elementor-widget-divider\" data-id=\"1424ea5c\" data-element_type=\"widget\" data-e-type=\"widget\" data-widget_type=\"divider.default\">\n\t\t\t\t<div class=\"elementor-widget-container\">\n\t\t\t\t\t\t\t<div class=\"elementor-divider\">\n\t\t\t<span class=\"elementor-divider-separator\">\n\t\t\t\t\t\t<\/span>\n\t\t<\/div>\n\t\t\t\t\t\t<\/div>\n\t\t\t\t<\/div>\n\t\t\t\t<div class=\"elementor-element elementor-element-687464b7 elementor-widget elementor-widget-text-editor\" data-id=\"687464b7\" data-element_type=\"widget\" data-e-type=\"widget\" data-widget_type=\"text-editor.default\">\n\t\t\t\t<div class=\"elementor-widget-container\">\n\t\t\t\t\t\t\t\t\t<p>Protege tu piscina y mejora su seguridad con nuestras cubiertas telesc\u00f3picas sin carril, cubiertas altas con aperturas o cubiertas bajas telesc\u00f3picas. Estas cubiertas est\u00e1n dise\u00f1adas para mantener el agua limpia, conservar la temperatura y ofrecer mayor seguridad, permiti\u00e9ndote disfrutar de tu piscina en cualquier \u00e9poca del a\u00f1o con mayor eficiencia.<\/p>\t\t\t\t\t\t\t\t<\/div>\n\t\t\t\t<\/div>\n\t\t\t\t<\/div>\n\t\t<div class=\"elementor-element elementor-element-61d46e72 e-con-full e-flex e-con e-child\" data-id=\"61d46e72\" data-element_type=\"container\" data-e-type=\"container\">\n\t\t\t\t<div class=\"elementor-element elementor-element-22a681fd elementor-widget elementor-widget-heading\" data-id=\"22a681fd\" data-element_type=\"widget\" data-e-type=\"widget\" data-widget_type=\"heading.default\">\n\t\t\t\t<div class=\"elementor-widget-container\">\n\t\t\t\t\t<h3 class=\"elementor-heading-title elementor-size-default\">Rehabilitaci\u00f3n de piscinas<\/h3>\t\t\t\t<\/div>\n\t\t\t\t<\/div>\n\t\t\t\t<div class=\"elementor-element elementor-element-2211810c elementor-widget-divider--view-line elementor-widget elementor-widget-divider\" data-id=\"2211810c\" data-element_type=\"widget\" data-e-type=\"widget\" data-widget_type=\"divider.default\">\n\t\t\t\t<div class=\"elementor-widget-container\">\n\t\t\t\t\t\t\t<div class=\"elementor-divider\">\n\t\t\t<span class=\"elementor-divider-separator\">\n\t\t\t\t\t\t<\/span>\n\t\t<\/div>\n\t\t\t\t\t\t<\/div>\n\t\t\t\t<\/div>\n\t\t\t\t<div class=\"elementor-element elementor-element-40b80f08 elementor-widget elementor-widget-text-editor\" data-id=\"40b80f08\" data-element_type=\"widget\" data-e-type=\"widget\" data-widget_type=\"text-editor.default\">\n\t\t\t\t<div class=\"elementor-widget-container\">\n\t\t\t\t\t\t\t\t\t<p>Si tu piscina tiene grietas, fugas o simplemente quieres renovarla, en Todoclima nos encargamos de la rehabilitaci\u00f3n completa. Ofrecemos servicios de mejora en la accesibilidad, cambio de revestimientos, sustituci\u00f3n de coronas perimetrales y la instalaci\u00f3n de focos LED y cascadas de acero inoxidable. Actualizamos tu piscina con soluciones modernas y eficientes, garantizando un resultado est\u00e9tico y funcional de la m\u00e1s alta calidad.<\/p>\t\t\t\t\t\t\t\t<\/div>\n\t\t\t\t<\/div>\n\t\t\t\t<\/div>\n\t\t\t\t<\/div>\n\t\t\t\t\t<\/div>\n\t\t\t\t<\/div>\n\t\t<div class=\"elementor-element elementor-element-7648b6ec e-flex e-con-boxed e-con e-parent\" data-id=\"7648b6ec\" data-element_type=\"container\" data-e-type=\"container\">\n\t\t\t\t\t<div class=\"e-con-inner\">\n\t\t\t\t<div class=\"elementor-element elementor-element-5eb381fa elementor-widget elementor-widget-heading\" data-id=\"5eb381fa\" data-element_type=\"widget\" data-e-type=\"widget\" data-widget_type=\"heading.default\">\n\t\t\t\t<div class=\"elementor-widget-container\">\n\t\t\t\t\t<h2 class=\"elementor-heading-title elementor-size-default\">Beneficios de elegir Todoclima<\/h2>\t\t\t\t<\/div>\n\t\t\t\t<\/div>\n\t\t\t\t<div class=\"elementor-element elementor-element-2e2a35c2 elementor-widget-divider--view-line elementor-widget elementor-widget-divider\" data-id=\"2e2a35c2\" data-element_type=\"widget\" data-e-type=\"widget\" data-widget_type=\"divider.default\">\n\t\t\t\t<div class=\"elementor-widget-container\">\n\t\t\t\t\t\t\t<div class=\"elementor-divider\">\n\t\t\t<span class=\"elementor-divider-separator\">\n\t\t\t\t\t\t<\/span>\n\t\t<\/div>\n\t\t\t\t\t\t<\/div>\n\t\t\t\t<\/div>\n\t\t<div class=\"elementor-element elementor-element-7e537d33 e-con-full e-flex e-con e-child\" data-id=\"7e537d33\" data-element_type=\"container\" data-e-type=\"container\">\n\t\t<div class=\"elementor-element elementor-element-11a7e723 e-con-full e-flex elementor-invisible e-con e-child\" data-id=\"11a7e723\" data-element_type=\"container\" data-e-type=\"container\" data-settings=\"{&quot;animation&quot;:&quot;fadeInLeft&quot;}\">\n\t\t\t\t<div class=\"elementor-element elementor-element-284be590 elementor-widget elementor-widget-heading\" data-id=\"284be590\" data-element_type=\"widget\" data-e-type=\"widget\" data-widget_type=\"heading.default\">\n\t\t\t\t<div class=\"elementor-widget-container\">\n\t\t\t\t\t<h3 class=\"elementor-heading-title elementor-size-default\">Eficiencia energ\u00e9tica<\/h3>\t\t\t\t<\/div>\n\t\t\t\t<\/div>\n\t\t<div class=\"elementor-element elementor-element-615ea2f4 e-con-full e-flex e-con e-child\" data-id=\"615ea2f4\" data-element_type=\"container\" data-e-type=\"container\" data-settings=\"{&quot;background_background&quot;:&quot;classic&quot;}\">\n\t\t\t\t<div class=\"elementor-element elementor-element-2467375f elementor-widget elementor-widget-text-editor\" data-id=\"2467375f\" data-element_type=\"widget\" data-e-type=\"widget\" data-widget_type=\"text-editor.default\">\n\t\t\t\t<div class=\"elementor-widget-container\">\n\t\t\t\t\t\t\t\t\t<p>Implementamos sistemas de climatizaci\u00f3n y filtraci\u00f3n optimizados para reducir el consumo el\u00e9ctrico sin comprometer la calidad del agua.<\/p>\t\t\t\t\t\t\t\t<\/div>\n\t\t\t\t<\/div>\n\t\t\t\t<\/div>\n\t\t\t\t<\/div>\n\t\t<div class=\"elementor-element elementor-element-2c332ee6 e-con-full e-flex elementor-invisible e-con e-child\" data-id=\"2c332ee6\" data-element_type=\"container\" data-e-type=\"container\" data-settings=\"{&quot;animation&quot;:&quot;fadeInRight&quot;}\">\n\t\t\t\t<div class=\"elementor-element elementor-element-60b61d1b elementor-widget elementor-widget-heading\" data-id=\"60b61d1b\" data-element_type=\"widget\" data-e-type=\"widget\" data-widget_type=\"heading.default\">\n\t\t\t\t<div class=\"elementor-widget-container\">\n\t\t\t\t\t<h3 class=\"elementor-heading-title elementor-size-default\">Sostenibilidad<\/h3>\t\t\t\t<\/div>\n\t\t\t\t<\/div>\n\t\t<div class=\"elementor-element elementor-element-412220f0 e-con-full e-flex e-con e-child\" data-id=\"412220f0\" data-element_type=\"container\" data-e-type=\"container\" data-settings=\"{&quot;background_background&quot;:&quot;classic&quot;}\">\n\t\t\t\t<div class=\"elementor-element elementor-element-1e38d4f2 elementor-widget elementor-widget-text-editor\" data-id=\"1e38d4f2\" data-element_type=\"widget\" data-e-type=\"widget\" data-widget_type=\"text-editor.default\">\n\t\t\t\t<div class=\"elementor-widget-container\">\n\t\t\t\t\t\t\t\t\t<p>Utilizamos tecnolog\u00edas ecoeficientes que disminuyen el uso de productos qu\u00edmicos y reducen el impacto ambiental.<\/p>\t\t\t\t\t\t\t\t<\/div>\n\t\t\t\t<\/div>\n\t\t\t\t<\/div>\n\t\t\t\t<\/div>\n\t\t<div class=\"elementor-element elementor-element-50088152 e-con-full e-flex elementor-invisible e-con e-child\" data-id=\"50088152\" data-element_type=\"container\" data-e-type=\"container\" data-settings=\"{&quot;animation&quot;:&quot;fadeInLeft&quot;}\">\n\t\t\t\t<div class=\"elementor-element elementor-element-72b5f091 elementor-widget elementor-widget-heading\" data-id=\"72b5f091\" data-element_type=\"widget\" data-e-type=\"widget\" data-widget_type=\"heading.default\">\n\t\t\t\t<div class=\"elementor-widget-container\">\n\t\t\t\t\t<h3 class=\"elementor-heading-title elementor-size-default\">Asesor\u00eda personalizada<\/h3>\t\t\t\t<\/div>\n\t\t\t\t<\/div>\n\t\t<div class=\"elementor-element elementor-element-792f70f e-con-full e-flex e-con e-child\" data-id=\"792f70f\" data-element_type=\"container\" data-e-type=\"container\" data-settings=\"{&quot;background_background&quot;:&quot;classic&quot;}\">\n\t\t\t\t<div class=\"elementor-element elementor-element-12c39b99 elementor-widget elementor-widget-text-editor\" data-id=\"12c39b99\" data-element_type=\"widget\" data-e-type=\"widget\" data-widget_type=\"text-editor.default\">\n\t\t\t\t<div class=\"elementor-widget-container\">\n\t\t\t\t\t\t\t\t\t<p>Te guiamos en la elecci\u00f3n del sistema de climatizaci\u00f3n y mantenimiento ideal para que disfrutes de tu piscina con el menor gasto posible.<\/p>\t\t\t\t\t\t\t\t<\/div>\n\t\t\t\t<\/div>\n\t\t\t\t<\/div>\n\t\t\t\t<\/div>\n\t\t<div class=\"elementor-element elementor-element-146e21f3 e-con-full e-flex elementor-invisible e-con e-child\" data-id=\"146e21f3\" data-element_type=\"container\" data-e-type=\"container\" data-settings=\"{&quot;animation&quot;:&quot;fadeInRight&quot;}\">\n\t\t\t\t<div class=\"elementor-element elementor-element-4ace33b7 elementor-widget elementor-widget-heading\" data-id=\"4ace33b7\" data-element_type=\"widget\" data-e-type=\"widget\" data-widget_type=\"heading.default\">\n\t\t\t\t<div class=\"elementor-widget-container\">\n\t\t\t\t\t<h3 class=\"elementor-heading-title elementor-size-default\">Instalaci\u00f3n profesional<\/h3>\t\t\t\t<\/div>\n\t\t\t\t<\/div>\n\t\t<div class=\"elementor-element elementor-element-53e9b02a e-con-full e-flex e-con e-child\" data-id=\"53e9b02a\" data-element_type=\"container\" data-e-type=\"container\" data-settings=\"{&quot;background_background&quot;:&quot;classic&quot;}\">\n\t\t\t\t<div class=\"elementor-element elementor-element-28dc4219 elementor-widget elementor-widget-text-editor\" data-id=\"28dc4219\" data-element_type=\"widget\" data-e-type=\"widget\" data-widget_type=\"text-editor.default\">\n\t\t\t\t<div class=\"elementor-widget-container\">\n\t\t\t\t\t\t\t\t\t<p>Nos aseguramos de que tu sistema de climatizaci\u00f3n y filtrado funcione de manera \u00f3ptima desde el primer d\u00eda.<\/p>\t\t\t\t\t\t\t\t<\/div>\n\t\t\t\t<\/div>\n\t\t\t\t<\/div>\n\t\t\t\t<\/div>\n\t\t\t\t<\/div>\n\t\t\t\t\t<\/div>\n\t\t\t\t<\/div>\n\t\t\t\t<\/div>","protected":false},"excerpt":{"rendered":"<p>Piscinas de dise\u00f1o y eficientes para disfrutar todo el a\u00f1o Cont\u00e1ctanos Soluciones dePiscinas Climatizaci\u00f3n de piscinas En Todoclima, dise\u00f1amos y construimos piscinas a medida, adapt\u00e1ndonos a tus necesidades y al revestimiento que elijas: gresite, liner o poli\u00e9ster. Adaptamos la tecnolog\u00eda a tus necesidades, realizando un estudio t\u00e9rmico personalizado para garantizar que la soluci\u00f3n sea la [&hellip;]<\/p>\n","protected":false},"author":1,"featured_media":0,"parent":0,"menu_order":0,"comment_status":"closed","ping_status":"closed","template":"","meta":{"footnotes":""},"class_list":["post-6754","page","type-page","status-publish","hentry"],"_links":{"self":[{"href":"https:\/\/todoclimarenovables.es\/en\/wp-json\/wp\/v2\/pages\/6754","targetHints":{"allow":["GET"]}}],"collection":[{"href":"https:\/\/todoclimarenovables.es\/en\/wp-json\/wp\/v2\/pages"}],"about":[{"href":"https:\/\/todoclimarenovables.es\/en\/wp-json\/wp\/v2\/types\/page"}],"author":[{"embeddable":true,"href":"https:\/\/todoclimarenovables.es\/en\/wp-json\/wp\/v2\/users\/1"}],"replies":[{"embeddable":true,"href":"https:\/\/todoclimarenovables.es\/en\/wp-json\/wp\/v2\/comments?post=6754"}],"version-history":[{"count":0,"href":"https:\/\/todoclimarenovables.es\/en\/wp-json\/wp\/v2\/pages\/6754\/revisions"}],"wp:attachment":[{"href":"https:\/\/todoclimarenovables.es\/en\/wp-json\/wp\/v2\/media?parent=6754"}],"curies":[{"name":"wp","href":"https:\/\/api.w.org\/{rel}","templated":true}]}}